{"id":548,"date":"2018-01-03T11:03:25","date_gmt":"2018-01-03T10:03:25","guid":{"rendered":"http:\/\/leitman.eu\/?page_id=548"},"modified":"2021-03-17T15:10:03","modified_gmt":"2021-03-17T14:10:03","slug":"o-mne","status":"publish","type":"page","link":"http:\/\/leitman.eu\/?page_id=548","title":{"rendered":"Ahoi, Hello, Ciao, Gr\u00fc\u00dfe, \u0417\u0434\u0440\u0430\u0432\u0441\u0442\u0432\u0443\u0439, Kon&#8217;nichiwa, Ahoj"},"content":{"rendered":"<p><img loading=\"lazy\" class=\"wp-image-468  alignleft\" src=\"http:\/\/leitman.eu\/wp-content\/uploads\/2018\/01\/autoportret-inak-DA.jpg\" alt=\"\" width=\"140\" height=\"140\" srcset=\"http:\/\/leitman.eu\/wp-content\/uploads\/2018\/01\/autoportret-inak-DA.jpg 730w, http:\/\/leitman.eu\/wp-content\/uploads\/2018\/01\/autoportret-inak-DA-60x60.jpg 60w, http:\/\/leitman.eu\/wp-content\/uploads\/2018\/01\/autoportret-inak-DA-500x500.jpg 500w, http:\/\/leitman.eu\/wp-content\/uploads\/2018\/01\/autoportret-inak-DA-100x100.jpg 100w\" sizes=\"(max-width: 140px) 100vw, 140px\" \/>vol\u00e1m sa <strong>Daniel Leitman<\/strong>. Som hobby fotograf a venujem sa fotografii zhruba od roku 2014 . Za\u010d\u00ednal som so zrkadlovkami z dielne Canon, ale v dne\u0161nej dobe fot\u00edm syst\u00e9mom Fujifilm X. Moje skuto\u010dn\u00e9 zamestnanie je stavebn\u00fd technik (CI). Moje fotky m\u00f4\u017eete n\u00e1jst okrem tohto webu aj na <a href=\"https:\/\/leitman.deviantart.com\/\" target=\"_blank\" rel=\"noopener noreferrer\"><strong>deviantart<\/strong><\/a>, <a href=\"https:\/\/www.facebook.com\/leitmanphoto\/\" target=\"_blank\" rel=\"noopener noreferrer\"><strong>facebook<\/strong><\/a>.<\/p>\n<p>Zameriavam sa predov\u0161etk\u00fdm na :<br \/>\n<strong>Portr\u00e9t<\/strong> &#8211; v\u0161eobecne \u010di u\u017e klasick\u00fd, glamour, editori\u00e1l a \u010fal\u0161ie. <strong>Dokument<\/strong> &#8211; hlavne street, ale aj udalosti ako svadba v rodine\/zn\u00e1mi mi nie s\u00fa cudzie. <strong>Detailovky<\/strong> &#8211; nemysl\u00edm makro, ale m\u00f4\u017ee by\u0165 napr. detail budovy, alebo in\u00e9ho celku.<\/p>\n<p>Fot\u00edm \u010doko\u013evek \u010do ma zaujme, ale vy\u0161\u0161ie spomenut\u00e9 s\u00fa moje top. V bud\u00facnosti by som r\u00e1d roz\u0161\u00edril portf\u00f3lio fotografiami <strong>architekt\u00fary<\/strong> (hlavne exteri\u00e9r)<\/p>\n<p>Fotky mnou vytvoren\u00e9 spadaj\u00fa pod <a href=\"https:\/\/sk.creativecommons.org\/?page_id=893\" target=\"_blank\" rel=\"noopener noreferrer\"><strong>Creative Commons 4.0 BY-NC-ND<\/strong><\/a>. Rozumnej dohode sa nebr\u00e1nim, av\u0161ak za mojou pr\u00e1cou si stoj\u00edm a ne\u017eel\u00e1m si jej \u0161\u00edrenie pod in\u00fdm menom alebo vo forme, ktor\u00e1 sa mi nep\u00e1\u010di!<\/p>\n<p>Kontakt:<br \/>\n<strong>(+421) 949 15O 946<\/strong> (mobil)<br \/>\n<strong>leitman.daniel<\/strong> [<em>alt+64<\/em>] <strong>gmail<\/strong> [<em>alt+46<\/em>] <strong>com<\/strong><\/p>\n","protected":false},"excerpt":{"rendered":"<p>vol\u00e1m sa Daniel Leitman. Som hobby fotograf a venujem sa fotografii zhruba od roku 2014 . Za\u010d\u00ednal som so zrkadlovkami z dielne Canon, ale v dne\u0161nej dobe fot\u00edm syst\u00e9mom Fujifilm X. Moje skuto\u010dn\u00e9 zamestnanie je stavebn\u00fd technik (CI). Moje fotky m\u00f4\u017eete n\u00e1jst okrem tohto webu aj na deviantart, facebook. Zameriavam sa predov\u0161etk\u00fdm na : Portr\u00e9t &hellip; <\/p>\n<p class=\"link-more\"><a href=\"http:\/\/leitman.eu\/?page_id=548\" class=\"more-link\">Pokra\u010dova\u0165 v \u010d\u00edtan\u00ed<span class=\"screen-reader-text\"> &#8222;Ahoi, Hello, Ciao, Gr\u00fc\u00dfe, \u0417\u0434\u0440\u0430\u0432\u0441\u0442\u0432\u0443\u0439, Kon&#8217;nichiwa, Ahoj&#8220;<\/span><\/a><\/p>\n","protected":false},"author":1,"featured_media":0,"parent":0,"menu_order":0,"comment_status":"closed","ping_status":"closed","template":"","meta":[],"_links":{"self":[{"href":"http:\/\/leitman.eu\/index.php?rest_route=\/wp\/v2\/pages\/548"}],"collection":[{"href":"http:\/\/leitman.eu\/index.php?rest_route=\/wp\/v2\/pages"}],"about":[{"href":"http:\/\/leitman.eu\/index.php?rest_route=\/wp\/v2\/types\/page"}],"author":[{"embeddable":true,"href":"http:\/\/leitman.eu\/index.php?rest_route=\/wp\/v2\/users\/1"}],"replies":[{"embeddable":true,"href":"http:\/\/leitman.eu\/index.php?rest_route=%2Fwp%2Fv2%2Fcomments&post=548"}],"version-history":[{"count":56,"href":"http:\/\/leitman.eu\/index.php?rest_route=\/wp\/v2\/pages\/548\/revisions"}],"predecessor-version":[{"id":679,"href":"http:\/\/leitman.eu\/index.php?rest_route=\/wp\/v2\/pages\/548\/revisions\/679"}],"wp:attachment":[{"href":"http:\/\/leitman.eu\/index.php?rest_route=%2Fwp%2Fv2%2Fmedia&parent=548"}],"curies":[{"name":"wp","href":"https:\/\/api.w.org\/{rel}","templated":true}]}}